{"id":444,"date":"2023-05-26T16:46:39","date_gmt":"2023-05-26T16:46:39","guid":{"rendered":"https:\/\/residenciasenior.egasmoniz.edu.pt\/?page_id=444"},"modified":"2024-09-17T09:53:01","modified_gmt":"2024-09-17T09:53:01","slug":"sobre-nos","status":"publish","type":"page","link":"https:\/\/residenciasenior.egasmoniz.edu.pt\/index.php\/sobre-nos\/","title":{"rendered":"Sobre n\u00f3s"},"content":{"rendered":"<p>[et_pb_section fb_built=&#8221;1&#8243; fullwidth=&#8221;on&#8221; _builder_version=&#8221;4.16&#8243; animation_style=&#8221;slide&#8221; animation_direction=&#8221;top&#8221; animation_intensity_slide=&#8221;2%&#8221; animation_starting_opacity=&#8221;100%&#8221; global_colors_info=&#8221;{}&#8221;][et_pb_fullwidth_header title=&#8221;Sobre N\u00f3s&#8221; content_max_width=&#8221;800px&#8221; _builder_version=&#8221;4.21.0&#8243; title_level=&#8221;h2&#8243; title_font=&#8221;Lato||||||||&#8221; title_font_size=&#8221;60px&#8221; title_line_height=&#8221;1.2em&#8221; content_font=&#8221;||||||||&#8221; content_font_size=&#8221;20px&#8221; content_line_height=&#8221;1.8em&#8221; background_color=&#8221;rgba(255, 255, 255, 0)&#8221; use_background_color_gradient=&#8221;on&#8221; background_color_gradient_direction=&#8221;90deg&#8221; background_color_gradient_stops=&#8221;rgba(0,0,0,0.75) 0%|rgba(0,0,0,0) 100%&#8221; background_color_gradient_overlays_image=&#8221;on&#8221; background_color_gradient_start=&#8221;rgba(0,0,0,0.75)&#8221; background_color_gradient_end=&#8221;rgba(0,0,0,0)&#8221; background_image=&#8221;https:\/\/residenciasenior.egasmoniz.edu.pt\/wp-content\/uploads\/2023\/05\/residencia-egas-moniz.png&#8221; custom_button_one=&#8221;on&#8221; button_one_text_size=&#8221;18px&#8221; button_one_bg_color=&#8221;#02d002&#8243; button_one_border_width=&#8221;8px&#8221; button_one_border_color=&#8221;#02d002&#8243; button_one_border_radius=&#8221;0px&#8221; button_one_letter_spacing=&#8221;1px&#8221; button_one_font=&#8221;Lato|700|||||||&#8221; button_one_use_icon=&#8221;off&#8221; custom_button_two=&#8221;on&#8221; button_two_text_size=&#8221;18px&#8221; button_two_text_color=&#8221;#353740&#8243; button_two_bg_color=&#8221;#ffffff&#8221; button_two_border_width=&#8221;8px&#8221; button_two_border_color=&#8221;#ffffff&#8221; button_two_border_radius=&#8221;0px&#8221; button_two_letter_spacing=&#8221;1px&#8221; button_two_font=&#8221;Lato|700|||||||&#8221; button_two_use_icon=&#8221;off&#8221; custom_margin=&#8221;|||&#8221; custom_padding=&#8221;8%||8%|&#8221; button_one_letter_spacing_hover=&#8221;1px&#8221; button_two_letter_spacing_hover=&#8221;1px&#8221; locked=&#8221;off&#8221; global_colors_info=&#8221;{}&#8221; button_one_text_size__hover_enabled=&#8221;off&#8221; button_two_text_size__hover_enabled=&#8221;off&#8221; button_one_text_color__hover_enabled=&#8221;off&#8221; button_two_text_color__hover_enabled=&#8221;off&#8221; button_one_border_width__hover_enabled=&#8221;off&#8221; button_two_border_width__hover_enabled=&#8221;off&#8221; button_one_border_color__hover_enabled=&#8221;off&#8221; button_two_border_color__hover_enabled=&#8221;off&#8221; button_one_border_radius__hover_enabled=&#8221;off&#8221; button_two_border_radius__hover_enabled=&#8221;off&#8221; button_one_letter_spacing__hover_enabled=&#8221;on&#8221; button_one_letter_spacing__hover=&#8221;1px&#8221; button_two_letter_spacing__hover_enabled=&#8221;on&#8221; button_two_letter_spacing__hover=&#8221;1px&#8221; button_one_bg_color__hover_enabled=&#8221;off&#8221; button_two_bg_color__hover_enabled=&#8221;off&#8221;][\/et_pb_fullwidth_header][\/et_pb_section][et_pb_section fb_built=&#8221;1&#8243; admin_label=&#8221;Our Story Section&#8221; _builder_version=&#8221;4.21.0&#8243; background_color=&#8221;#f7f7f7&#8243; custom_padding=&#8221;100px||100px|&#8221; global_colors_info=&#8221;{}&#8221;][et_pb_row admin_label=&#8221;Our Story Area&#8221; _builder_version=&#8221;4.16&#8243; global_colors_info=&#8221;{}&#8221;][et_pb_column type=&#8221;4_4&#8243; _builder_version=&#8221;4.16&#8243; custom_padding=&#8221;|||&#8221; global_colors_info=&#8221;{}&#8221; custom_padding__hover=&#8221;|||&#8221;][et_pb_text admin_label=&#8221;Text&#8221; _builder_version=&#8221;4.21.0&#8243; text_font=&#8221;||||||||&#8221; text_font_size=&#8221;16px&#8221; text_line_height=&#8221;1.8em&#8221; animation_direction=&#8221;left&#8221; hover_enabled=&#8221;0&#8243; global_colors_info=&#8221;{}&#8221; sticky_enabled=&#8221;0&#8243;]A <strong>Resid\u00eancia S\u00e9nior Egas Moniz<\/strong> \u00e9 uma das respostas mais adequada em Portugal para um novo modelo de interven\u00e7\u00e3o na \u00e1rea do envelhecimento e da institucionaliza\u00e7\u00e3o.<\/p>\n<p>Tendo como base o conhecimento cient\u00edfico sobre envelhecimento, desenvolvemos uma interven\u00e7\u00e3o assente no respeito, na liberdade e no afeto para as pessoas idosas, trabalhando na sua funcionalidade.<\/p>\n<p>Somos um projeto ativo e din\u00e2mico que se come\u00e7a a desenvolver agora, sempre aberto \u00e0 inova\u00e7\u00e3o e criatividade de todos e centramos toda a nossa energia e paix\u00e3o nas pessoas idosas.<\/p>\n<p>Combatemos o estigma e o preconceito que faz parte da nossa sociedade e n\u00e3o corremos atr\u00e1s de para\u00edsos que n\u00e3o existem. Fazemos tudo para que as pessoas idosas n\u00e3o sejam infelizes, n\u00e3o tenham dor e n\u00e3o se sintam abandonadas pela sociedade que ajudaram a criar.<\/p>\n<p>N\u00e3o temos medo das cargas que foram dando \u00e0s palavras como \u00e9 o caso da palavra institucionaliza\u00e7\u00e3o. A institucionaliza\u00e7\u00e3o n\u00e3o \u00e9 m\u00e1. S\u00f3 s\u00e3o maus os cuidados e os servi\u00e7os que se prestam \u00e0s pessoas institucionalizadas. Se forem bons a palavra deixa de ter carga negativa.<\/p>\n<p>Sabemos tamb\u00e9m que nunca existem dias bons para entrar num Lar (ainda que lhes chamem ERPIS) mas temos a certeza que \u00e9 melhor estar num lar onde tem cuidados permanentes do que em casa onde se cai e se fica \u00e0 espera que algu\u00e9m apare\u00e7a. Muitas vezes demasiado tarde.<\/p>\n<p>Temos v\u00e1rios projetos em marcha que estamos a afinar. Respostas que n\u00e3o existem e que temos a ambi\u00e7\u00e3o de criar: recupera\u00e7\u00e3o global, cuidados paliativos, descanso do cuidador, servi\u00e7os ambulat\u00f3rios e outros. Estamos carregados de motiva\u00e7\u00e3o e acreditamos que podemos fazer de um lar um local de afetos e seguran\u00e7a.<\/p>\n<p>Esperamos, pelo menos, pela sua visita.<br \/>\n[\/et_pb_text][\/et_pb_column][\/et_pb_row][\/et_pb_section][et_pb_section fb_built=&#8221;1&#8243; admin_label=&#8221;missao&#8221; _builder_version=&#8221;4.21.0&#8243; custom_padding=&#8221;100px||100px|&#8221; global_colors_info=&#8221;{}&#8221;][et_pb_row column_structure=&#8221;1_2,1_2&#8243; admin_label=&#8221;missao&#8221; _builder_version=&#8221;4.21.0&#8243; global_colors_info=&#8221;{}&#8221;][et_pb_column type=&#8221;1_2&#8243; _builder_version=&#8221;4.16&#8243; custom_padding=&#8221;|||&#8221; global_colors_info=&#8221;{}&#8221; custom_padding__hover=&#8221;|||&#8221;][et_pb_image src=&#8221;https:\/\/residenciasenior.egasmoniz.edu.pt\/wp-content\/uploads\/2023\/05\/piscina-residencia-senior.jpg&#8221; title_text=&#8221;piscina residencia senior&#8221; _builder_version=&#8221;4.21.0&#8243; _module_preset=&#8221;default&#8221; global_colors_info=&#8221;{}&#8221;][\/et_pb_image][\/et_pb_column][et_pb_column type=&#8221;1_2&#8243; _builder_version=&#8221;4.16&#8243; custom_padding=&#8221;|||&#8221; global_colors_info=&#8221;{}&#8221; custom_padding__hover=&#8221;|||&#8221;][et_pb_text _builder_version=&#8221;4.21.0&#8243; _module_preset=&#8221;default&#8221; global_colors_info=&#8221;{}&#8221;]<\/p>\n<h2>Miss\u00e3o<\/h2>\n<p>[\/et_pb_text][et_pb_text admin_label=&#8221;Text&#8221; _builder_version=&#8221;4.21.0&#8243; text_font=&#8221;||||||||&#8221; text_font_size=&#8221;16px&#8221; text_line_height=&#8221;1.8em&#8221; animation_direction=&#8221;left&#8221; global_colors_info=&#8221;{}&#8221;]Assegurar cuidados de elevada qualidade e servi\u00e7os distintos dirigidos \u00e0 popula\u00e7\u00e3o de pessoas idosas, tornando-nos um local de excel\u00eancia na resposta \u00e0s necessidades desse grupo populacional e alterando os paradigmas da institucionaliza\u00e7\u00e3o em Portugal, combatendo o preconceito, o estigma e o idadismo.<\/p>\n<p>Contribuir para a melhoria do bem-estar da Sociedade.[\/et_pb_text][\/et_pb_column][\/et_pb_row][\/et_pb_section][et_pb_section fb_built=&#8221;1&#8243; admin_label=&#8221;conceito&#8221; _builder_version=&#8221;4.21.0&#8243; background_color=&#8221;#f7f7f7&#8243; custom_padding=&#8221;100px||100px|&#8221; global_colors_info=&#8221;{}&#8221;][et_pb_row column_structure=&#8221;1_2,1_2&#8243; admin_label=&#8221;conceito&#8221; _builder_version=&#8221;4.21.0&#8243; global_colors_info=&#8221;{}&#8221;][et_pb_column type=&#8221;1_2&#8243; _builder_version=&#8221;4.16&#8243; custom_padding=&#8221;|||&#8221; global_colors_info=&#8221;{}&#8221; custom_padding__hover=&#8221;|||&#8221;][et_pb_text _builder_version=&#8221;4.21.0&#8243; _module_preset=&#8221;default&#8221; global_colors_info=&#8221;{}&#8221;]<\/p>\n<h2>Conceito<\/h2>\n<p>[\/et_pb_text][\/et_pb_column][et_pb_column type=&#8221;1_2&#8243; _builder_version=&#8221;4.16&#8243; custom_padding=&#8221;|||&#8221; global_colors_info=&#8221;{}&#8221; custom_padding__hover=&#8221;|||&#8221;][et_pb_text admin_label=&#8221;Text&#8221; _builder_version=&#8221;4.21.0&#8243; text_font=&#8221;||||||||&#8221; text_font_size=&#8221;16px&#8221; text_line_height=&#8221;1.8em&#8221; animation_direction=&#8221;left&#8221; global_colors_info=&#8221;{}&#8221;]<\/p>\n<p>A Resid\u00eancia S\u00e9nior Egas Moniz pretende constituir-se como uma infraestrutura de elevada qualidade, colocada \u00e0 disposi\u00e7\u00e3o da comunidade e configurando um novo conceito na regi\u00e3o de Sesimbra. Tem como val\u00eancia principal a Estrutura Residencial para Idosos, mas tamb\u00e9m a de alojamento hoteleiro, destinada ao turismo s\u00e9nior.<\/p>\n<p>Encontra-se, num local apraz\u00edvel, pr\u00f3ximo da Vila de Sesimbra, visando beneficiar dessa localiza\u00e7\u00e3o para fins de qualidade de vida e lazer e potencia\u00e7\u00e3o da sua val\u00eancia hoteleira. Visa tamb\u00e9m oferecer um conjunto de servi\u00e7os ancorados na Egas Moniz School of Health &amp; Science (<a href=\"https:\/\/www.egasmoniz.com.pt\/\" target=\"_blank\" rel=\"noopener\">https:\/\/www.egasmoniz.com.pt\/<\/a>), beneficiando deste modo das sinergias com os cursos de enfermagem, fisioterapia, nutri\u00e7\u00e3o, medicina dent\u00e1ria e outros.<\/p>\n<p>[\/et_pb_text][\/et_pb_column][\/et_pb_row][\/et_pb_section][et_pb_section fb_built=&#8221;1&#8243; admin_label=&#8221;visao&#8221; _builder_version=&#8221;4.21.0&#8243; custom_padding=&#8221;100px||100px|&#8221; global_colors_info=&#8221;{}&#8221;][et_pb_row column_structure=&#8221;1_2,1_2&#8243; admin_label=&#8221;visao&#8221; _builder_version=&#8221;4.21.0&#8243; global_colors_info=&#8221;{}&#8221;][et_pb_column type=&#8221;1_2&#8243; _builder_version=&#8221;4.16&#8243; custom_padding=&#8221;|||&#8221; global_colors_info=&#8221;{}&#8221; custom_padding__hover=&#8221;|||&#8221;][et_pb_image src=&#8221;https:\/\/residenciasenior.egasmoniz.edu.pt\/wp-content\/uploads\/2023\/05\/residencia-egas-moniz-portugal.jpg&#8221; title_text=&#8221;residencia egas moniz portugal&#8221; _builder_version=&#8221;4.21.0&#8243; _module_preset=&#8221;default&#8221; global_colors_info=&#8221;{}&#8221;][\/et_pb_image][\/et_pb_column][et_pb_column type=&#8221;1_2&#8243; _builder_version=&#8221;4.16&#8243; custom_padding=&#8221;|||&#8221; global_colors_info=&#8221;{}&#8221; custom_padding__hover=&#8221;|||&#8221;][et_pb_text _builder_version=&#8221;4.21.0&#8243; _module_preset=&#8221;default&#8221; global_colors_info=&#8221;{}&#8221;]<\/p>\n<h2>Vis\u00e3o<\/h2>\n<p>[\/et_pb_text][et_pb_text admin_label=&#8221;Text&#8221; _builder_version=&#8221;4.21.0&#8243; text_font=&#8221;||||||||&#8221; text_font_size=&#8221;16px&#8221; text_line_height=&#8221;1.8em&#8221; animation_direction=&#8221;left&#8221; global_colors_info=&#8221;{}&#8221;]<\/p>\n<p>Ser uma institui\u00e7\u00e3o de refer\u00eancia na presta\u00e7\u00e3o de servi\u00e7os e cuidados na Institucionaliza\u00e7\u00e3o, tornando-a uma resposta de qualidade, tendo como pilar a evidencia cient\u00edfica e o conhecimento e contribuindo para a dignidade do envelhecimento<\/p>\n<p>Ser uma institui\u00e7\u00e3o que, para al\u00e9m dos seus prop\u00f3sitos b\u00e1sicos se constitui como uma entidade com fun\u00e7\u00f5es diferenciadas na presta\u00e7\u00e3o de um apoio estruturado, atrav\u00e9s de cuidados de qualidade, abrangentes e humanizados que integram as respostas operativas adaptadas \u00e0s caracter\u00edsticas pr\u00f3prias deste grupo et\u00e1rio, disponibilizando as melhores pr\u00e1ticas assistenciais, numa estrutura organizacional centrada no utente, no seu bem-estar e no apoio \u00e0 sua fam\u00edlia.<\/p>\n<p>[\/et_pb_text][\/et_pb_column][\/et_pb_row][\/et_pb_section]<\/p>\n","protected":false},"excerpt":{"rendered":"<p>A Resid\u00eancia S\u00e9nior Egas Moniz \u00e9 uma das respostas mais adequada em Portugal para um novo modelo de interven\u00e7\u00e3o na \u00e1rea do envelhecimento e da institucionaliza\u00e7\u00e3o. Tendo como base o conhecimento cient\u00edfico sobre envelhecimento, desenvolvemos uma interven\u00e7\u00e3o assente no respeito, na liberdade e no afeto para as pessoas idosas, trabalhando na sua funcionalidade. Somos um [&hellip;]<\/p>\n","protected":false},"author":5,"featured_media":0,"parent":0,"menu_order":0,"comment_status":"closed","ping_status":"closed","template":"","meta":{"_et_pb_use_builder":"on","_et_pb_old_content":"","_et_gb_content_width":"","_coblocks_attr":"","_coblocks_dimensions":"","_coblocks_responsive_height":"","_coblocks_accordion_ie_support":"","footnotes":""},"class_list":["post-444","page","type-page","status-publish","hentry"],"jetpack_sharing_enabled":true,"_links":{"self":[{"href":"https:\/\/residenciasenior.egasmoniz.edu.pt\/index.php\/wp-json\/wp\/v2\/pages\/444","targetHints":{"allow":["GET"]}}],"collection":[{"href":"https:\/\/residenciasenior.egasmoniz.edu.pt\/index.php\/wp-json\/wp\/v2\/pages"}],"about":[{"href":"https:\/\/residenciasenior.egasmoniz.edu.pt\/index.php\/wp-json\/wp\/v2\/types\/page"}],"author":[{"embeddable":true,"href":"https:\/\/residenciasenior.egasmoniz.edu.pt\/index.php\/wp-json\/wp\/v2\/users\/5"}],"replies":[{"embeddable":true,"href":"https:\/\/residenciasenior.egasmoniz.edu.pt\/index.php\/wp-json\/wp\/v2\/comments?post=444"}],"version-history":[{"count":6,"href":"https:\/\/residenciasenior.egasmoniz.edu.pt\/index.php\/wp-json\/wp\/v2\/pages\/444\/revisions"}],"predecessor-version":[{"id":561,"href":"https:\/\/residenciasenior.egasmoniz.edu.pt\/index.php\/wp-json\/wp\/v2\/pages\/444\/revisions\/561"}],"wp:attachment":[{"href":"https:\/\/residenciasenior.egasmoniz.edu.pt\/index.php\/wp-json\/wp\/v2\/media?parent=444"}],"curies":[{"name":"wp","href":"https:\/\/api.w.org\/{rel}","templated":true}]}}