{"id":334,"date":"2023-05-26T08:37:40","date_gmt":"2023-05-26T08:37:40","guid":{"rendered":"https:\/\/residenciasenior.egasmoniz.edu.pt\/?page_id=334"},"modified":"2025-11-25T17:08:13","modified_gmt":"2025-11-25T17:08:13","slug":"servicos","status":"publish","type":"page","link":"https:\/\/residenciasenior.egasmoniz.edu.pt\/index.php\/servicos\/","title":{"rendered":"Servi\u00e7os"},"content":{"rendered":"<p>[et_pb_section fb_built=&#8221;1&#8243; fullwidth=&#8221;on&#8221; _builder_version=&#8221;4.21.0&#8243; custom_padding=&#8221;0px||||false|false&#8221; animation_style=&#8221;slide&#8221; animation_direction=&#8221;top&#8221; animation_intensity_slide=&#8221;2%&#8221; animation_starting_opacity=&#8221;100%&#8221; global_colors_info=&#8221;{}&#8221;][et_pb_fullwidth_header title=&#8221;Servi\u00e7os&#8221; content_max_width=&#8221;800px&#8221; _builder_version=&#8221;4.21.0&#8243; title_level=&#8221;h2&#8243; title_font=&#8221;Lato||||||||&#8221; title_font_size=&#8221;60px&#8221; title_line_height=&#8221;1.2em&#8221; content_font=&#8221;||||||||&#8221; content_font_size=&#8221;20px&#8221; content_line_height=&#8221;1.8em&#8221; background_color=&#8221;rgba(255, 255, 255, 0)&#8221; use_background_color_gradient=&#8221;on&#8221; background_color_gradient_direction=&#8221;90deg&#8221; background_color_gradient_stops=&#8221;rgba(0,0,0,0.75) 0%|rgba(0,0,0,0) 100%&#8221; background_color_gradient_overlays_image=&#8221;on&#8221; background_color_gradient_start=&#8221;rgba(0,0,0,0.75)&#8221; background_color_gradient_end=&#8221;rgba(0,0,0,0)&#8221; background_image=&#8221;https:\/\/residenciasenior.egasmoniz.edu.pt\/wp-content\/uploads\/2023\/05\/servicos-residencia-em.jpg&#8221; custom_button_one=&#8221;on&#8221; button_one_text_size=&#8221;18px&#8221; button_one_bg_color=&#8221;#02d002&#8243; button_one_border_width=&#8221;8px&#8221; button_one_border_color=&#8221;#02d002&#8243; button_one_border_radius=&#8221;0px&#8221; button_one_letter_spacing=&#8221;1px&#8221; button_one_font=&#8221;Lato|700|||||||&#8221; button_one_use_icon=&#8221;off&#8221; custom_button_two=&#8221;on&#8221; button_two_text_size=&#8221;18px&#8221; button_two_text_color=&#8221;#353740&#8243; button_two_bg_color=&#8221;#ffffff&#8221; button_two_border_width=&#8221;8px&#8221; button_two_border_color=&#8221;#ffffff&#8221; button_two_border_radius=&#8221;0px&#8221; button_two_letter_spacing=&#8221;1px&#8221; button_two_font=&#8221;Lato|700|||||||&#8221; button_two_use_icon=&#8221;off&#8221; custom_margin=&#8221;|||&#8221; custom_padding=&#8221;8%||8%||false|false&#8221; button_one_letter_spacing_hover=&#8221;1px&#8221; button_two_letter_spacing_hover=&#8221;1px&#8221; global_colors_info=&#8221;{}&#8221; button_one_text_size__hover_enabled=&#8221;off&#8221; button_two_text_size__hover_enabled=&#8221;off&#8221; button_one_text_color__hover_enabled=&#8221;off&#8221; button_two_text_color__hover_enabled=&#8221;off&#8221; button_one_border_width__hover_enabled=&#8221;off&#8221; button_two_border_width__hover_enabled=&#8221;off&#8221; button_one_border_color__hover_enabled=&#8221;off&#8221; button_two_border_color__hover_enabled=&#8221;off&#8221; button_one_border_radius__hover_enabled=&#8221;off&#8221; button_two_border_radius__hover_enabled=&#8221;off&#8221; button_one_letter_spacing__hover_enabled=&#8221;on&#8221; button_one_letter_spacing__hover=&#8221;1px&#8221; button_two_letter_spacing__hover_enabled=&#8221;on&#8221; button_two_letter_spacing__hover=&#8221;1px&#8221; button_one_bg_color__hover_enabled=&#8221;off&#8221; button_two_bg_color__hover_enabled=&#8221;off&#8221;][\/et_pb_fullwidth_header][\/et_pb_section][et_pb_section fb_built=&#8221;1&#8243; admin_label=&#8221;servicos section&#8221; _builder_version=&#8221;4.21.0&#8243; custom_padding=&#8221;70px||10px||false|false&#8221; global_colors_info=&#8221;{}&#8221;][et_pb_row _builder_version=&#8221;4.21.0&#8243; _module_preset=&#8221;default&#8221; global_colors_info=&#8221;{}&#8221;][et_pb_column type=&#8221;4_4&#8243; _builder_version=&#8221;4.21.0&#8243; _module_preset=&#8221;default&#8221; global_colors_info=&#8221;{}&#8221;][et_pb_button button_url=&#8221;#NovosservicosSection&#8221; button_text=&#8221;Veja os Novos Servi\u00e7os&#8221; _builder_version=&#8221;4.21.0&#8243; _module_preset=&#8221;default&#8221; custom_button=&#8221;on&#8221; button_text_size=&#8221;18px&#8221; button_text_color=&#8221;#FFFFFF&#8221; button_bg_color=&#8221;#02d002&#8243; button_border_width=&#8221;8px&#8221; button_border_radius=&#8221;0px&#8221; button_letter_spacing=&#8221;1px&#8221; button_font=&#8221;Lato|700|||||||&#8221; button_use_icon=&#8221;off&#8221; custom_margin=&#8221;0px||||false|false&#8221; custom_padding=&#8221;14px||14px|22px|true|false&#8221; global_colors_info=&#8221;{}&#8221;][\/et_pb_button][\/et_pb_column][\/et_pb_row][et_pb_row admin_label=&#8221;Market Information Title Area&#8221; _builder_version=&#8221;4.21.0&#8243; custom_padding=&#8221;0px|0px|0px|0px|false|false&#8221; global_colors_info=&#8221;{}&#8221;][et_pb_column type=&#8221;4_4&#8243; _builder_version=&#8221;4.16&#8243; custom_padding=&#8221;|||&#8221; global_colors_info=&#8221;{}&#8221; custom_padding__hover=&#8221;|||&#8221;][et_pb_text _builder_version=&#8221;4.21.0&#8243; text_font=&#8221;||||||||&#8221; text_font_size=&#8221;16px&#8221; text_line_height=&#8221;1.8em&#8221; header_font=&#8221;||||||||&#8221; animation_style=&#8221;flip&#8221; animation_direction=&#8221;left&#8221; animation_intensity_flip=&#8221;20%&#8221; animation_starting_opacity=&#8221;100%&#8221; global_colors_info=&#8221;{}&#8221;]<\/p>\n<p>Os nossos utentes usufruem de um conjunto diversificado de servi\u00e7os, que incluem um plano de cuidados personalizado, assist\u00eancia m\u00e9dica e medicamentosa, psicol\u00f3gica, cuidados de enfermagem, entre outros. De destacar ainda a nossa val\u00eancia na \u00e1rea da fisioterapia, manuten\u00e7\u00e3o e reabilita\u00e7\u00e3o f\u00edsica.<br \/>Estamos vocacionados para receber utentes com dificuldades motoras\/ps\u00edquicas ou convalescentes, tendo como objetivo primordial a manuten\u00e7\u00e3o e maximiza\u00e7\u00e3o das suas fun\u00e7\u00f5es e motiva\u00e7\u00e3o da independ\u00eancia.<br \/>Para cada utente \u00e9 elaborado um plano individual de tratamentos, delineado de acordo com indica\u00e7\u00f5es m\u00e9dicas, de forma a garantir uma melhor qualidade na presta\u00e7\u00e3o dos servi\u00e7os.<br \/>O servi\u00e7o de fisioterapia funciona nas nossas instala\u00e7\u00f5es, em regime de internamento, todos os dias \u00fateis, das 09h00 \u00e0s 18h00.<br \/>Para tal, dispomos de um gin\u00e1sio com uma \u00e1rea de 128 m2, completamente equipado, de piscina de hidroterapia com uma \u00e1rea de cerca de 54 m2 e uma equipa t\u00e9cnica composta por docentes do curso de licenciatura em fisioterapia e enfermagem da Escola Superior de Sa\u00fade Egas Moniz bem como de alunos estagi\u00e1rios dos \u00faltimos anos do curso de fisioterapia.<\/p>\n<p>O know-how existente, combinado com a qualidade das infraestruturas, permite-nos receber doentes p\u00f3s-cirurgia, com necessidade de tratamentos de fisioterapia\/recupera\u00e7\u00e3o funcional mais intensivos ou especializados.<\/p>\n<p>Tamb\u00e9m nos distinguimos na \u00e1rea dos cuidados paliativos e do descanso do cuidador informal, para os quais temos pacotes de servi\u00e7o espec\u00edficos e programas adaptados a cada uma das necessidades.<\/p>\n<p>Os nossos clientes usufruem dos seguintes servi\u00e7os fornecidos pela Resid\u00eancia:<\/p>\n<ul>\n<li>Programa ocupacional com atividades diversas<\/li>\n<li>Cuidados de enfermagem<\/li>\n<li>Fisioterapia<\/li>\n<li>Acompanhamento m\u00e9dico<\/li>\n<li>Alimenta\u00e7\u00e3o<\/li>\n<li>Tratamento de roupa<\/li>\n<li>Limpeza e higiene do espa\u00e7o<\/li>\n<li>Cuidados de higiene e conforto<\/li>\n<li>Biblioteca<\/li>\n<li>Ateliers de arte, culin\u00e1ria, estimula\u00e7\u00e3o cognitiva e sensorial<\/li>\n<li>Cabeleireira<\/li>\n<li>Esteticista, Pedicure a Manicure<\/li>\n<li>Internet<\/li>\n<li>Televis\u00e3o por cabo<\/li>\n<\/ul>\n<p>Podem ainda requerer: acompanhamento ao exterior, tratamento de situa\u00e7\u00f5es burocr\u00e1ticas, massagem terap\u00eautica, terapias diversas convencionais e complementares e medicina dent\u00e1ria.<\/p>\n<p>[\/et_pb_text][\/et_pb_column][\/et_pb_row][\/et_pb_section][et_pb_section fb_built=&#8221;1&#8243; admin_label=&#8221;cuidados paliativos&#8221; _builder_version=&#8221;4.21.0&#8243; _module_preset=&#8221;default&#8221; global_colors_info=&#8221;{}&#8221;][et_pb_row _builder_version=&#8221;4.21.0&#8243; _module_preset=&#8221;default&#8221; global_colors_info=&#8221;{}&#8221;][et_pb_column type=&#8221;4_4&#8243; _builder_version=&#8221;4.21.0&#8243; _module_preset=&#8221;default&#8221; global_colors_info=&#8221;{}&#8221;][et_pb_text _builder_version=&#8221;4.21.0&#8243; _module_preset=&#8221;default&#8221; global_colors_info=&#8221;{}&#8221;]<\/p>\n<h1>Cuidados Paliativos<\/h1>\n<p>[\/et_pb_text][\/et_pb_column][\/et_pb_row][et_pb_row _builder_version=&#8221;4.21.0&#8243; _module_preset=&#8221;default&#8221; global_colors_info=&#8221;{}&#8221;][et_pb_column type=&#8221;4_4&#8243; _builder_version=&#8221;4.21.0&#8243; _module_preset=&#8221;default&#8221; global_colors_info=&#8221;{}&#8221;][et_pb_text _builder_version=&#8221;4.21.0&#8243; _module_preset=&#8221;default&#8221; global_colors_info=&#8221;{}&#8221;]<\/p>\n<h3>Opini\u00e3o \/ Informa\u00e7\u00e3o<\/h3>\n<p>A fase terminal de vida \u00e9 ainda um tabu no nosso pa\u00eds.<br \/>Muitos preferem omitir qualquer reflex\u00e3o sobre esta situa\u00e7\u00e3o do que enfrent\u00e1-la e procurar que as pessoas sofram menos.<br \/>\u00c9 muito importante pensarmos que a insist\u00eancia no sofrimento pode ter a ver com a cultura fortemente religiosa que temos e que esse sofrimento \u00e9 a vontade divina. Mas n\u00e3o \u00e9. Nenhum Deus deseja que as pessoas sofram.<br \/>\u00c9 por isso importante encontrarmos solu\u00e7\u00f5es para esta fase da vida que \u00e9 demasiado penalizante passar no domic\u00edlio, for\u00e7ando familiares a deteriorarem completamente a sua vida para responder com amor \u00e0s necessidades dos cuidados, mas tendo qualquer prepara\u00e7\u00e3o para esse trabalho. \u00c9 tamb\u00e9m muito traumatizante passar esta fase no ambiente hospitalar, preparado para o tratamento da doen\u00e7a aguda e convivendo mal com situa\u00e7\u00f5es cr\u00f3nicas para as quais os \u00fanicos cuidados s\u00e3o disponibilidade e afeto.<br \/>Na Resid\u00eancia S\u00e9nior trabalhamos na prepara\u00e7\u00e3o de uma equipa que preste mais aten\u00e7\u00e3o a esse afeto e que esteja dispon\u00edvel, ajudando, n\u00e3o s\u00f3 os doentes como tamb\u00e9m as fam\u00edlias a passarem por o momento mais negro das suas vidas.<br \/>Mas sabemos que n\u00e3o evitamos a morte. Enfrentamos essa realidade com compet\u00eancia e sem preconceitos e falsas expectativas. Tentamos fornecer o maior conforto poss\u00edvel aos nossos doentes e permitimos o acompanhamento com grande proximidade aos familiares.<br \/>Lutamos para sermos uma resposta que diminua ou anule mesmo a dor. N\u00e3o h\u00e1 justifica\u00e7\u00e3o no tempo que corre para vivermos ou morrermos com dor.<\/p>\n<p>[\/et_pb_text][et_pb_text _builder_version=&#8221;4.21.0&#8243; _module_preset=&#8221;default&#8221; global_colors_info=&#8221;{}&#8221;]<\/p>\n<h3>As nossas ofertas<\/h3>\n<p>Os cuidados paliativos centram-se na qualidade e n\u00e3o na dura\u00e7\u00e3o da vida. Oferecem apoio e acompanhamento a pessoas que se encontrem em situa\u00e7\u00e3o de doen\u00e7a com dificuldades de cura para que possam viver o mais confortavelmente poss\u00edvel e com a m\u00e1xima qualidade que se conseguir atingir.<br \/>\nA filosofia dos cuidados paliativos aceita a morte como o est\u00e1gio final de vida: afirma-se a vida e n\u00e3o se acelera nem adia a morte. Os cuidados focam-se na pessoa e n\u00e3o na doen\u00e7a, tratando e controlando os sintomas, para que os dias tenham qualidade, tentando sempre o acompanhamento pr\u00f3ximo dos familiares e outros amigos de refer\u00eancia. Focamo-nos tamb\u00e9m na fam\u00edlia.<\/p>\n<p><img loading=\"lazy\" decoding=\"async\" class=\"wp-image-379 alignright size-full\" src=\"https:\/\/residenciasenior.egasmoniz.edu.pt\/wp-content\/uploads\/2023\/05\/cuidados-paliativos-em-300x169.jpg\" alt=\"\" width=\"553\" height=\"312\" srcset=\"https:\/\/residenciasenior.egasmoniz.edu.pt\/wp-content\/uploads\/2023\/05\/cuidados-paliativos-em-300x169.jpg 553w, https:\/\/residenciasenior.egasmoniz.edu.pt\/wp-content\/uploads\/2023\/05\/cuidados-paliativos-em-480x271.jpg 480w\" sizes=\"(min-width: 0px) and (max-width: 480px) 480px, (min-width: 481px) 553px, 100vw\" \/>INTERNAMENTO<br \/>\nFISIOTERAPIA\/MASSAGEM TERAP\u00caUTICA (5 SESS\u00d5ES\/SEMANA 1 HORA)<br \/>\nCUIDADOS DE ENFERMAGEM<br \/>\nACOMPANHAMENTO M\u00c9DICO<br \/>\nALIMENTA\u00c7\u00c3O<br \/>\nTRATAMENTO DE ROUPA<br \/>\nACTIVIDADES L\u00daDICAS E RECREATIVAS<br \/>\nCUIDADOS DE HIGIENE E CONFORTO<br \/>\nTELEVIS\u00c3O<br \/>\nINTERNET<br \/>\nAQUISI\u00c7\u00c3O DE OUTROS SERVI\u00c7OS<\/p>\n<p>PRE\u00c7O DI\u00c1RIO:<br \/>\nIndividual 98,00 \u20ac<br \/>\nDuplo 85,50 \u20ac[\/et_pb_text][\/et_pb_column][\/et_pb_row][\/et_pb_section][et_pb_section fb_built=&#8221;1&#8243; admin_label=&#8221;colo do femur&#8221; _builder_version=&#8221;4.21.0&#8243; _module_preset=&#8221;default&#8221; global_colors_info=&#8221;{}&#8221;][et_pb_row _builder_version=&#8221;4.21.0&#8243; _module_preset=&#8221;default&#8221; global_colors_info=&#8221;{}&#8221;][et_pb_column type=&#8221;4_4&#8243; _builder_version=&#8221;4.21.0&#8243; _module_preset=&#8221;default&#8221; global_colors_info=&#8221;{}&#8221;][et_pb_text _builder_version=&#8221;4.21.0&#8243; _module_preset=&#8221;default&#8221; global_colors_info=&#8221;{}&#8221;]<\/p>\n<h1> <\/h1>\n<p>[\/et_pb_text][\/et_pb_column][\/et_pb_row][et_pb_row _builder_version=&#8221;4.21.0&#8243; _module_preset=&#8221;default&#8221; global_colors_info=&#8221;{}&#8221;][et_pb_column type=&#8221;4_4&#8243; _builder_version=&#8221;4.21.0&#8243; _module_preset=&#8221;default&#8221; global_colors_info=&#8221;{}&#8221;][et_pb_text _builder_version=&#8221;4.21.0&#8243; _module_preset=&#8221;default&#8221; global_colors_info=&#8221;{}&#8221;]<\/p>\n<h1>Recupera\u00e7\u00e3o Global de Funcionalidade p\u00f3s cirurgia do Colo do F\u00e9mur<\/h1>\n<p>&nbsp;<\/p>\n<p>A recupera\u00e7\u00e3o de cirurgias ortop\u00e9dicas \u00e9, no nosso Pa\u00eds, dram\u00e1tica. Primeiro pela falta de respostas e, muitas vezes, pela falta de coordena\u00e7\u00e3o entre a cirurgia e o processo de recupera\u00e7\u00e3o.<\/p>\n<p>Queremos, com este projeto, colocar o processo de recupera\u00e7\u00e3o de uma cirurgia ortop\u00e9dica, especialmente do colo do f\u00e9mur, ao n\u00edvel de qualidade da interven\u00e7\u00e3o cir\u00fargica que muito evoluiu e que tem hoje, extraordin\u00e1rios ortopedistas e resultados.<\/p>\n<p>Pretendemos iniciar este processo o mais rapidamente poss\u00edvel, ap\u00f3s a cirurgia.<br \/>\nGarantimos informa\u00e7\u00e3o permanente ao cirurgi\u00e3o, se assim o desejar, e asseguramos tamb\u00e9m o acompanhamento e interven\u00e7\u00e3o de enfermagem (pensos, retirar pontos, etc.,).<\/p>\n<p><img loading=\"lazy\" decoding=\"async\" src=\"https:\/\/residenciasenior.egasmoniz.edu.pt\/wp-content\/uploads\/2023\/05\/cirurgia-pos-operatoria-300x200.jpg\" width=\"521\" height=\"348\" alt=\"\" class=\"wp-image-385 alignleft size-medium\" \/>Estamos preparados para receber pessoas submetidas a cirurgia ortop\u00e9dica assim que tenham alta, o mais precocemente poss\u00edvel, e que tenham essa indica\u00e7\u00e3o de recupera\u00e7\u00e3o. A perman\u00eancia no Hospital \u00e9, muitas vezes, penalizante e atrasa o processo de recupera\u00e7\u00e3o de forma irremedi\u00e1vel. Temos uma equipe de enfermagem e uma equipa de fisioterapia apoiadas por uma equipa de auxiliares de elevado n\u00edvel com forma\u00e7\u00e3o e prepara\u00e7\u00e3o centrada especificamente no processo de recupera\u00e7\u00e3o. Acrescentamos ainda o apoio psicol\u00f3gico e o acompanhamento na \u00e1rea da ocupa\u00e7\u00e3o.<\/p>\n<p>Outra oferta \u00fanica que fazemos \u00e9 motivar a perman\u00eancia de acompanhante durante o processo de recupera\u00e7\u00e3o, podendo ficar alojado no mesmo quarto (individual) e usufruindo dos servi\u00e7os da Resid\u00eancia por valores muito baixos.<\/p>\n<p>Queremos tornar-nos uma refer\u00eancia nacional nesta \u00e1rea.<br \/>\n&nbsp;<\/p>\n<p>O programa de recupera\u00e7\u00e3o de cirurgia do colo do f\u00e9mur desenvolve-se durante 30 dias.<br \/>\nEste programa inclui:<\/p>\n<ul>\n<li>INTERNAMENTO<\/li>\n<li>AVALIA\u00c7\u00c3O POR EQUIPA MULTIDISCIPLINAR\/APRESENTA\u00c7\u00c3O DE PROGRAMA<\/li>\n<li>FISIOTERAPIA\/5 OU MAIS SESS\u00d5ES POR SEMANA, EM FUN\u00c7\u00c3O DA CAPACIDADE<\/li>\n<li>DO DOENTE E DO PLANO CLINICO DETERMINADO<\/li>\n<li>CUIDADOS DE ENFERMAGEM<\/li>\n<li>ACOMPANHAMENTO M\u00c9DICO<\/li>\n<li>ALIMENTA\u00c7\u00c3O<\/li>\n<li>TRATAMENTO DE ROUPA<\/li>\n<li>ACTIVIDADES L\u00daDICAS E RECREATIVAS<\/li>\n<li>CUIDADOS DE HIGIENE E CONFORTO<\/li>\n<li>TELEVIS\u00c3O<\/li>\n<li>INTERNET<\/li>\n<li>AQUISI\u00c7\u00c3O DE OUTROS SERVI\u00c7OS<\/li>\n<\/ul>\n<p style=\"text-align: justify;\">O PROGRAMA \u00c9 AVALIADO SEMANALMENTE PELA EQUIPA T\u00c9CNICA, PODENDO SER NECESS\u00c1RIO REUNIR COM CLIENTE E FAMILIARES.<br \/>\nNA QUARTA SEMANA \u00c9 PROPOSTA VISITA AO DOCMICILIO DO CLIENTE PARA AVALIA\u00c7\u00c3O DAS NECESSIDADES E READAPATA\u00c7\u00c3O \u00c0 VIDA DI\u00c1RIA.<\/p>\n<p class=\"Normal tm5\" style=\"text-align: justify;\"><span class=\"tm6\">S\u00c3O TREINADAS CAPACIDADES COMO MOBILIZA\u00c7\u00c3O NA CASA DE BANHO E QUARTO, ENTRADA E SAIDA DE VIATURAS, DEAMBULA\u00c7\u00c3O APOIADA E MOBILIZA\u00c7\u00d5ES COMUNS DO DIA A DIA.<\/span><\/p>\n<p class=\"Normal tm5\"><span class=\"tm6\">\u00a0<\/span><\/p>\n<p class=\"Normal tm5\"><span class=\"tm6\">PRE\u00c7O DI\u00c1RIO:<br \/>\nIndividual 98,00 \u20ac<br \/>\nDuplo 87,00 \u20ac<\/span><\/p>\n<p>[\/et_pb_text][\/et_pb_column][\/et_pb_row][\/et_pb_section][et_pb_section fb_built=&#8221;1&#8243; admin_label=&#8221;NovosservicosSection&#8221; module_id=&#8221;NovosservicosSection&#8221; _builder_version=&#8221;4.21.0&#8243; _module_preset=&#8221;default&#8221; global_colors_info=&#8221;{}&#8221;][et_pb_row _builder_version=&#8221;4.21.0&#8243; _module_preset=&#8221;default&#8221; global_colors_info=&#8221;{}&#8221;][et_pb_column type=&#8221;4_4&#8243; _builder_version=&#8221;4.21.0&#8243; _module_preset=&#8221;default&#8221; global_colors_info=&#8221;{}&#8221;][et_pb_text _builder_version=&#8221;4.21.0&#8243; _module_preset=&#8221;default&#8221; hover_enabled=&#8221;0&#8243; global_colors_info=&#8221;{}&#8221; sticky_enabled=&#8221;0&#8243;]<\/p>\n<h1>Novos Servi\u00e7os<\/h1>\n<p>&nbsp;[\/et_pb_text][et_pb_blog fullwidth=&#8221;off&#8221; include_categories=&#8221;8&#8243; show_author=&#8221;off&#8221; show_date=&#8221;off&#8221; show_categories=&#8221;off&#8221; _builder_version=&#8221;4.21.0&#8243; _module_preset=&#8221;default&#8221; hover_enabled=&#8221;0&#8243; global_colors_info=&#8221;{}&#8221; sticky_enabled=&#8221;0&#8243;][\/et_pb_blog][\/et_pb_column][\/et_pb_row][\/et_pb_section]<\/p>\n","protected":false},"excerpt":{"rendered":"<p>Os nossos utentes usufruem de um conjunto diversificado de servi\u00e7os, que incluem um plano de cuidados personalizado, assist\u00eancia m\u00e9dica e medicamentosa, psicol\u00f3gica, cuidados de enfermagem, entre outros. De destacar ainda a nossa val\u00eancia na \u00e1rea da fisioterapia, manuten\u00e7\u00e3o e reabilita\u00e7\u00e3o f\u00edsica.Estamos vocacionados para receber utentes com dificuldades motoras\/ps\u00edquicas ou convalescentes, tendo como objetivo primordial a [&hellip;]<\/p>\n","protected":false},"author":5,"featured_media":0,"parent":0,"menu_order":0,"comment_status":"closed","ping_status":"closed","template":"","meta":{"_et_pb_use_builder":"on","_et_pb_old_content":"","_et_gb_content_width":"","_coblocks_attr":"","_coblocks_dimensions":"","_coblocks_responsive_height":"","_coblocks_accordion_ie_support":"","footnotes":""},"class_list":["post-334","page","type-page","status-publish","hentry"],"jetpack_sharing_enabled":true,"_links":{"self":[{"href":"https:\/\/residenciasenior.egasmoniz.edu.pt\/index.php\/wp-json\/wp\/v2\/pages\/334","targetHints":{"allow":["GET"]}}],"collection":[{"href":"https:\/\/residenciasenior.egasmoniz.edu.pt\/index.php\/wp-json\/wp\/v2\/pages"}],"about":[{"href":"https:\/\/residenciasenior.egasmoniz.edu.pt\/index.php\/wp-json\/wp\/v2\/types\/page"}],"author":[{"embeddable":true,"href":"https:\/\/residenciasenior.egasmoniz.edu.pt\/index.php\/wp-json\/wp\/v2\/users\/5"}],"replies":[{"embeddable":true,"href":"https:\/\/residenciasenior.egasmoniz.edu.pt\/index.php\/wp-json\/wp\/v2\/comments?post=334"}],"version-history":[{"count":28,"href":"https:\/\/residenciasenior.egasmoniz.edu.pt\/index.php\/wp-json\/wp\/v2\/pages\/334\/revisions"}],"predecessor-version":[{"id":1215,"href":"https:\/\/residenciasenior.egasmoniz.edu.pt\/index.php\/wp-json\/wp\/v2\/pages\/334\/revisions\/1215"}],"wp:attachment":[{"href":"https:\/\/residenciasenior.egasmoniz.edu.pt\/index.php\/wp-json\/wp\/v2\/media?parent=334"}],"curies":[{"name":"wp","href":"https:\/\/api.w.org\/{rel}","templated":true}]}}